{"id":6,"date":"2020-05-14T01:46:25","date_gmt":"2020-05-13T23:46:25","guid":{"rendered":"https:\/\/www.aquitienestucarta.com\/alandalus\/?page_id=6"},"modified":"2022-12-09T13:21:34","modified_gmt":"2022-12-09T12:21:34","slug":"inicio","status":"publish","type":"page","link":"https:\/\/www.aquitienestucarta.com\/lastorres\/inicio\/","title":{"rendered":"INICIO"},"content":{"rendered":"\n\t<section class=\"section\" id=\"section_1693829580\">\n\t\t<div class=\"section-bg fill\" >\n\t\t\t<img loading=\"lazy\" decoding=\"async\" width=\"1920\" height=\"707\" src=\"https:\/\/www.aquitienestucarta.com\/lastorres\/wp-content\/uploads\/sites\/3\/2021\/10\/torres06.jpg\" class=\"bg attachment-original size-original\" alt=\"\" \/>\t\t\t\t\t\t<div class=\"section-bg-overlay absolute fill\"><\/div>\n\t\t\t\n\n\t\t<\/div>\n\n\t\t\n\n\t\t<div class=\"section-content relative\">\n\t\t\t\n<p style=\"text-align: center;\">\n<div class=\"row align-middle align-center\"  id=\"row-1816290374\">\n<p style=\"text-align: center;\">\n\n\t<div id=\"col-334690216\" class=\"col medium-9 small-11 large-8\"  >\n\t\t\t\t<div class=\"col-inner text-center\"  >\n\t\t\t\n\t\t\t\n<h1 style=\"text-align: center;\"><span style=\"font-size: 200%; color: #ffffff;\">Somos especialistas en cocina espa\u00f1ola<\/span><\/h1>\n<p style=\"text-align: center;\">\n\t\t<\/div>\n\t\t\t\t\t<\/div>\n\n\t\n<\/p>\n<p style=\"text-align: center;\">\n\n<style>\n#row-1816290374 > .col > .col-inner {\n  padding: 0px 0px 0 0px;\n}\n@media (min-width:550px) {\n  #row-1816290374 > .col > .col-inner {\n    padding: 100px 0px 40px 0px;\n  }\n}\n<\/style>\n<\/div>\n<\/p>\n<p style=\"text-align: center;\">\n\t\t<\/div>\n\n\t\t\n<style>\n#section_1693829580 {\n  padding-top: 67px;\n  padding-bottom: 67px;\n}\n#section_1693829580 .section-bg-overlay {\n  background-color: rgba(0, 0, 0, 0.49);\n}\n#section_1693829580 .section-bg img {\n  object-position: 74% 18%;\n}\n<\/style>\n\t<\/section>\n\t\n\n\t<section class=\"section\" id=\"section_1388930944\">\n\t\t<div class=\"section-bg fill\" >\n\t\t\t\t\t\t\t\t\t\n\t\t\t\n\n\t\t<\/div>\n\n\t\t\n\n\t\t<div class=\"section-content relative\">\n\t\t\t\n<div class=\"row align-middle align-center\"  id=\"row-763956005\">\n\n\t<div id=\"col-1581565998\" class=\"col medium-8 small-12 large-8\"  >\n\t\t\t\t<div class=\"col-inner text-center\"  >\n\t\t\t\n\t\t\t\n<p style=\"text-align: center;\">En Las Torres podr\u00e1s disfrutar de desayunos especiales, de la cerveza m\u00e1s fr\u00eda y de las mejores tapas, medias raciones y raciones, as\u00ed como panes de la casa, chacina ib\u00e9rica, pescados, carnes y burguers.<\/p>\n<h2 style=\"text-align: center;\">\u00bfYa te ha entrado hambre?<\/h2>\n\t<div id=\"gap-532007196\" class=\"gap-element clearfix\" style=\"display:block; height:auto;\">\n\t\t\n<style>\n#gap-532007196 {\n  padding-top: 17px;\n}\n@media (min-width:550px) {\n  #gap-532007196 {\n    padding-top: 30px;\n  }\n}\n<\/style>\n\t<\/div>\n\t\n<a href=\"https:\/\/www.aquitienestucarta.com\/lastorres\/desayunos\/\" class=\"button alert is-outline\" >\n\t\t<span>DESAYUNOS ESPECIALES<\/span>\n\t<\/a>\n\n\t<div id=\"gap-1158513097\" class=\"gap-element clearfix\" style=\"display:block; height:auto;\">\n\t\t\n<style>\n#gap-1158513097 {\n  padding-top: 17px;\n}\n@media (min-width:550px) {\n  #gap-1158513097 {\n    padding-top: 30px;\n  }\n}\n<\/style>\n\t<\/div>\n\t\n<a href=\"https:\/\/www.aquitienestucarta.com\/lastorres\/carta\/\" class=\"button alert is-outline\" >\n\t\t<span>carta<\/span>\n\t<\/a>\n\n\t\t<\/div>\n\t\t\t\t\t<\/div>\n\n\t\n\n<style>\n#row-763956005 > .col > .col-inner {\n  padding: 35px 0px 0px 0px;\n}\n<\/style>\n<\/div>\n\t\t<\/div>\n\n\t\t\n<style>\n#section_1388930944 {\n  padding-top: 0px;\n  padding-bottom: 0px;\n}\n@media (min-width:550px) {\n  #section_1388930944 {\n    padding-top: 20px;\n    padding-bottom: 20px;\n  }\n}\n<\/style>\n\t<\/section>\n\t\n\n\t<section class=\"section\" id=\"section_501343363\">\n\t\t<div class=\"section-bg fill\" >\n\t\t\t\t\t\t\t\t\t\n\t\t\t\n\n\t\t<\/div>\n\n\t\t\n\n\t\t<div class=\"section-content relative\">\n\t\t\t\n<div class=\"row align-center\"  id=\"row-1081180858\">\n\n\t<div id=\"col-636137084\" class=\"col medium-4 small-12 large-4\"  >\n\t\t\t\t<div class=\"col-inner text-center\"  >\n\t\t\t\n\t\t\t\n\t<div id=\"text-1315652289\" class=\"text\">\n\t\t\n<p><span style=\"color: #ffffff;\">BAR LAS TORRES<\/span><br \/><span style=\"color: #ffffff;\">Calle Estrella Canopus, 27<\/span><br \/><span style=\"color: #ffffff;\">Tel.\u00a0677 258 006<\/span><br \/><span style=\"color: #ffffff;\">Desarrollado por aquitienestucarta.com<\/span><\/p>\n\t\t\n<style>\n#text-1315652289 {\n  text-align: center;\n}\n<\/style>\n\t<\/div>\n\t\n\t\t<\/div>\n\t\t\t\t\n<style>\n#col-636137084 > .col-inner {\n  padding: 0px 0px 0px 0px;\n  margin: 0px 0px -41px 0px;\n}\n<\/style>\n\t<\/div>\n\n\t\n<\/div>\n\t\t<\/div>\n\n\t\t\n<style>\n#section_501343363 {\n  padding-top: 17px;\n  padding-bottom: 17px;\n  background-color: rgb(0, 0, 0);\n}\n@media (min-width:550px) {\n  #section_501343363 {\n    padding-top: 17px;\n    padding-bottom: 17px;\n  }\n}\n<\/style>\n\t<\/section>\n\t\n","protected":false},"excerpt":{"rendered":"","protected":false},"author":1,"featured_media":0,"parent":0,"menu_order":0,"comment_status":"closed","ping_status":"closed","template":"page-blank.php","meta":{"footnotes":""},"class_list":["post-6","page","type-page","status-publish","hentry"],"_links":{"self":[{"href":"https:\/\/www.aquitienestucarta.com\/lastorres\/wp-json\/wp\/v2\/pages\/6","targetHints":{"allow":["GET"]}}],"collection":[{"href":"https:\/\/www.aquitienestucarta.com\/lastorres\/wp-json\/wp\/v2\/pages"}],"about":[{"href":"https:\/\/www.aquitienestucarta.com\/lastorres\/wp-json\/wp\/v2\/types\/page"}],"author":[{"embeddable":true,"href":"https:\/\/www.aquitienestucarta.com\/lastorres\/wp-json\/wp\/v2\/users\/1"}],"replies":[{"embeddable":true,"href":"https:\/\/www.aquitienestucarta.com\/lastorres\/wp-json\/wp\/v2\/comments?post=6"}],"version-history":[{"count":124,"href":"https:\/\/www.aquitienestucarta.com\/lastorres\/wp-json\/wp\/v2\/pages\/6\/revisions"}],"predecessor-version":[{"id":320,"href":"https:\/\/www.aquitienestucarta.com\/lastorres\/wp-json\/wp\/v2\/pages\/6\/revisions\/320"}],"wp:attachment":[{"href":"https:\/\/www.aquitienestucarta.com\/lastorres\/wp-json\/wp\/v2\/media?parent=6"}],"curies":[{"name":"wp","href":"https:\/\/api.w.org\/{rel}","templated":true}]}}